{"id":17,"date":"2022-12-03T18:30:35","date_gmt":"2022-12-03T17:30:35","guid":{"rendered":"http:\/\/schachausbildung.de\/?page_id=17"},"modified":"2023-01-20T20:55:32","modified_gmt":"2023-01-20T19:55:32","slug":"ueber-uns","status":"publish","type":"page","link":"http:\/\/schachausbildung.de\/index.php\/ueber-uns\/","title":{"rendered":"\u00dcber uns"},"content":{"rendered":"\n<p>Die Schachschule wurde 2005 von Julia &amp; Michael Richter sowie Juliana Lagunow gegr\u00fcndet. Nach bescheidenem Anfang wuchs sie schnell auf 60 Kinder, nach einigen Jahren trainierten rund 100 Kinder sowie einige Erwachsene regelm\u00e4\u00dfig in der Schachschule.<br>2020 \u00fcbergab Michael Richter die Leitung der Schachschule an Hendrik M\u00f6ller. Nach einigem Auf und Ab w\u00e4hrend Corona trainieren mittlerweile \u00fcber 150 Kinder und Jugendliche sowie einige Erwachsene in unserer Schachschule. Das Angebot besteht inzwischen aus <a rel=\"noreferrer noopener\" href=\"http:\/\/schachausbildung.de\/index.php\/schachkurse\/\" target=\"_blank\">25 Kursen<\/a> rund um die Woche, von denen sich die meisten an Kinder ab 5 Jahren richten. <\/p>\n\n\n\n<h2 class=\"wp-block-heading\">Unser Team<\/h2>\n\n\n\n<p>Aktuell besteht unser Team aus sechs erfahrerenen Trainerinnen und Trainern.<\/p>\n\n\n\n<div class=\"wp-block-columns is-layout-flex wp-container-core-columns-is-layout-28f84493 wp-block-columns-is-layout-flex\">\n<div class=\"wp-block-column is-layout-flow wp-block-column-is-layout-flow\">\n<div class=\"wp-block-media-text alignwide is-stacked-on-mobile\"><figure class=\"wp-block-media-text__media\"><img loading=\"lazy\" decoding=\"async\" width=\"548\" height=\"740\" src=\"http:\/\/schachausbildung.de\/wp-content\/uploads\/2023\/01\/moeller_hendrik_2011_lichtenrader_herbst-a0ffc56b.jpg\" alt=\"\" class=\"wp-image-119 size-full\" srcset=\"http:\/\/schachausbildung.de\/wp-content\/uploads\/2023\/01\/moeller_hendrik_2011_lichtenrader_herbst-a0ffc56b.jpg 548w, http:\/\/schachausbildung.de\/wp-content\/uploads\/2023\/01\/moeller_hendrik_2011_lichtenrader_herbst-a0ffc56b-222x300.jpg 222w\" sizes=\"auto, (max-width: 548px) 100vw, 548px\" \/><\/figure><div class=\"wp-block-media-text__content\">\n<p>Hendrik M\u00f6ller, Leitung der Schachschule<br>A-Trainer des Deutschen Schachbundes und FIDE-Meister<\/p>\n<\/div><\/div>\n<\/div>\n\n\n\n<div class=\"wp-block-column is-layout-flow wp-block-column-is-layout-flow\">\n<div class=\"wp-block-media-text alignwide is-stacked-on-mobile\"><figure class=\"wp-block-media-text__media\"><img loading=\"lazy\" decoding=\"async\" width=\"768\" height=\"1024\" src=\"http:\/\/schachausbildung.de\/wp-content\/uploads\/2022\/12\/IMG_4281-768x1024.jpg\" alt=\"\" class=\"wp-image-92 size-full\" srcset=\"http:\/\/schachausbildung.de\/wp-content\/uploads\/2022\/12\/IMG_4281-768x1024.jpg 768w, http:\/\/schachausbildung.de\/wp-content\/uploads\/2022\/12\/IMG_4281-225x300.jpg 225w, http:\/\/schachausbildung.de\/wp-content\/uploads\/2022\/12\/IMG_4281-1152x1536.jpg 1152w, http:\/\/schachausbildung.de\/wp-content\/uploads\/2022\/12\/IMG_4281-1536x2048.jpg 1536w, http:\/\/schachausbildung.de\/wp-content\/uploads\/2022\/12\/IMG_4281-2000x2667.jpg 2000w, http:\/\/schachausbildung.de\/wp-content\/uploads\/2022\/12\/IMG_4281-scaled.jpg 1920w\" sizes=\"auto, (max-width: 768px) 100vw, 768px\" \/><\/figure><div class=\"wp-block-media-text__content\">\n<p>Weihnachtsmann, Schokobeauftragter der Schachschule, Gro\u00dfmeister des Nordpols<\/p>\n<\/div><\/div>\n<\/div>\n<\/div>\n\n\n\n<div class=\"wp-block-columns is-layout-flex wp-container-core-columns-is-layout-28f84493 wp-block-columns-is-layout-flex\">\n<div class=\"wp-block-column is-layout-flow wp-block-column-is-layout-flow\">\n<div class=\"wp-block-media-text alignwide is-stacked-on-mobile\"><figure class=\"wp-block-media-text__media\"><img loading=\"lazy\" decoding=\"async\" width=\"548\" height=\"545\" src=\"http:\/\/schachausbildung.de\/wp-content\/uploads\/2023\/01\/dscf5904-278e325c.jpg\" alt=\"\" class=\"wp-image-124 size-full\" srcset=\"http:\/\/schachausbildung.de\/wp-content\/uploads\/2023\/01\/dscf5904-278e325c.jpg 548w, http:\/\/schachausbildung.de\/wp-content\/uploads\/2023\/01\/dscf5904-278e325c-300x298.jpg 300w, http:\/\/schachausbildung.de\/wp-content\/uploads\/2023\/01\/dscf5904-278e325c-150x150.jpg 150w\" sizes=\"auto, (max-width: 548px) 100vw, 548px\" \/><\/figure><div class=\"wp-block-media-text__content\">\n<p>Bettina Bensch<br>B-Trainerin des Deutschen Schachbundes<\/p>\n<\/div><\/div>\n<\/div>\n\n\n\n<div class=\"wp-block-column is-layout-flow wp-block-column-is-layout-flow\">\n<div class=\"wp-block-media-text alignwide is-stacked-on-mobile\"><figure class=\"wp-block-media-text__media\"><img loading=\"lazy\" decoding=\"async\" width=\"859\" height=\"1024\" src=\"http:\/\/schachausbildung.de\/wp-content\/uploads\/2023\/01\/MichaelRichter13-859x1024.jpg\" alt=\"\" class=\"wp-image-123 size-full\" srcset=\"http:\/\/schachausbildung.de\/wp-content\/uploads\/2023\/01\/MichaelRichter13-859x1024.jpg 859w, http:\/\/schachausbildung.de\/wp-content\/uploads\/2023\/01\/MichaelRichter13-252x300.jpg 252w, http:\/\/schachausbildung.de\/wp-content\/uploads\/2023\/01\/MichaelRichter13-768x915.jpg 768w, http:\/\/schachausbildung.de\/wp-content\/uploads\/2023\/01\/MichaelRichter13.jpg 1200w\" sizes=\"auto, (max-width: 859px) 100vw, 859px\" \/><\/figure><div class=\"wp-block-media-text__content\">\n<p>Michael Richter<br>A-Trainer des Deutschen Schachbundes und Gro\u00dfmeister<\/p>\n<\/div><\/div>\n<\/div>\n<\/div>\n\n\n\n<div class=\"wp-block-columns is-layout-flex wp-container-core-columns-is-layout-28f84493 wp-block-columns-is-layout-flex\">\n<div class=\"wp-block-column is-layout-flow wp-block-column-is-layout-flow\">\n<div class=\"wp-block-media-text alignwide is-stacked-on-mobile\"><figure class=\"wp-block-media-text__media\"><img loading=\"lazy\" decoding=\"async\" width=\"321\" height=\"400\" src=\"http:\/\/schachausbildung.de\/wp-content\/uploads\/2023\/01\/j2013-13.jpg\" alt=\"\" class=\"wp-image-126 size-full\" srcset=\"http:\/\/schachausbildung.de\/wp-content\/uploads\/2023\/01\/j2013-13.jpg 321w, http:\/\/schachausbildung.de\/wp-content\/uploads\/2023\/01\/j2013-13-241x300.jpg 241w\" sizes=\"auto, (max-width: 321px) 100vw, 321px\" \/><\/figure><div class=\"wp-block-media-text__content\">\n<p>Thomas Rosenhain<br>Seit vielen Jahren in der Schachschule als Trainer aktiv<\/p>\n\n\n\n<p><\/p>\n<\/div><\/div>\n<\/div>\n\n\n\n<div class=\"wp-block-column is-layout-flow wp-block-column-is-layout-flow\">\n<div class=\"wp-block-media-text alignwide is-stacked-on-mobile\"><figure class=\"wp-block-media-text__media\"><img loading=\"lazy\" decoding=\"async\" width=\"308\" height=\"368\" src=\"http:\/\/schachausbildung.de\/wp-content\/uploads\/2023\/01\/JWO-2018-Sophie-Anna_geschnitten.jpg\" alt=\"\" class=\"wp-image-128 size-full\" srcset=\"http:\/\/schachausbildung.de\/wp-content\/uploads\/2023\/01\/JWO-2018-Sophie-Anna_geschnitten.jpg 308w, http:\/\/schachausbildung.de\/wp-content\/uploads\/2023\/01\/JWO-2018-Sophie-Anna_geschnitten-251x300.jpg 251w\" sizes=\"auto, (max-width: 308px) 100vw, 308px\" \/><\/figure><div class=\"wp-block-media-text__content\">\n<p>Sophie Fayngold<br>Seit 2021 Nachwuchstrainerin in der Schachschule<\/p>\n\n\n\n<p><\/p>\n<\/div><\/div>\n<\/div>\n<\/div>\n","protected":false},"excerpt":{"rendered":"<p>Die Schachschule wurde 2005 von Julia &amp; Michael Richter sowie Juliana Lagunow gegr\u00fcndet. Nach bescheidenem Anfang wuchs sie schnell auf 60 Kinder, nach einigen Jahren trainierten rund 100 Kinder sowie einige Erwachsene regelm\u00e4\u00dfig in der Schachschule.2020 \u00fcbergab Michael Richter die Leitung der Schachschule an Hendrik M\u00f6ller. Nach einigem Auf und Ab w\u00e4hrend Corona trainieren mittlerweile &hellip; <\/p>\n<p class=\"link-more\"><a href=\"http:\/\/schachausbildung.de\/index.php\/ueber-uns\/\" class=\"more-link\">Mehr <span class=\"screen-reader-text\">\u00fcber &#8222;\u00dcber uns&#8220; <\/span>Lesen<\/a><\/p>\n","protected":false},"author":1,"featured_media":0,"parent":0,"menu_order":0,"comment_status":"closed","ping_status":"closed","template":"","meta":{"footnotes":""},"class_list":["post-17","page","type-page","status-publish","hentry"],"_links":{"self":[{"href":"http:\/\/schachausbildung.de\/index.php\/wp-json\/wp\/v2\/pages\/17","targetHints":{"allow":["GET"]}}],"collection":[{"href":"http:\/\/schachausbildung.de\/index.php\/wp-json\/wp\/v2\/pages"}],"about":[{"href":"http:\/\/schachausbildung.de\/index.php\/wp-json\/wp\/v2\/types\/page"}],"author":[{"embeddable":true,"href":"http:\/\/schachausbildung.de\/index.php\/wp-json\/wp\/v2\/users\/1"}],"replies":[{"embeddable":true,"href":"http:\/\/schachausbildung.de\/index.php\/wp-json\/wp\/v2\/comments?post=17"}],"version-history":[{"count":8,"href":"http:\/\/schachausbildung.de\/index.php\/wp-json\/wp\/v2\/pages\/17\/revisions"}],"predecessor-version":[{"id":130,"href":"http:\/\/schachausbildung.de\/index.php\/wp-json\/wp\/v2\/pages\/17\/revisions\/130"}],"wp:attachment":[{"href":"http:\/\/schachausbildung.de\/index.php\/wp-json\/wp\/v2\/media?parent=17"}],"curies":[{"name":"wp","href":"https:\/\/api.w.org\/{rel}","templated":true}]}}